{"id":7874,"date":"2023-09-27T18:59:00","date_gmt":"2023-09-27T16:59:00","guid":{"rendered":"https:\/\/k-electric-gmbh.de\/karriaer\/"},"modified":"2025-09-04T14:37:05","modified_gmt":"2025-09-04T12:37:05","slug":"karriaer","status":"publish","type":"page","link":"https:\/\/k-electric-gmbh.de\/sv\/karriaer\/","title":{"rendered":"Karri\u00e4r"},"content":{"rendered":"\t\t<div data-elementor-type=\"wp-page\" data-elementor-id=\"7874\" class=\"elementor elementor-7874 elementor-3883\">\n\t\t\t\t\t\t<section class=\"elementor-section elementor-top-section elementor-element elementor-element-ac79083 elementor-section-boxed elementor-section-height-default elementor-section-height-default wpr-particle-no wpr-jarallax-no wpr-parallax-no wpr-sticky-section-no\" data-id=\"ac79083\" data-element_type=\"section\" data-settings=\"{&quot;jet_parallax_layout_list&quot;:[{&quot;jet_parallax_layout_image&quot;:{&quot;url&quot;:&quot;&quot;,&quot;id&quot;:&quot;&quot;,&quot;size&quot;:&quot;&quot;},&quot;_id&quot;:&quot;cd841ea&quot;,&quot;jet_parallax_layout_image_tablet&quot;:{&quot;url&quot;:&quot;&quot;,&quot;id&quot;:&quot;&quot;,&quot;size&quot;:&quot;&quot;},&quot;jet_parallax_layout_image_mobile&quot;:{&quot;url&quot;:&quot;&quot;,&quot;id&quot;:&quot;&quot;,&quot;size&quot;:&quot;&quot;},&quot;jet_parallax_layout_speed&quot;:{&quot;unit&quot;:&quot;%&quot;,&quot;size&quot;:50,&quot;sizes&quot;:[]},&quot;jet_parallax_layout_type&quot;:&quot;scroll&quot;,&quot;jet_parallax_layout_direction&quot;:null,&quot;jet_parallax_layout_fx_direction&quot;:null,&quot;jet_parallax_layout_z_index&quot;:&quot;&quot;,&quot;jet_parallax_layout_bg_x&quot;:50,&quot;jet_parallax_layout_bg_x_tablet&quot;:&quot;&quot;,&quot;jet_parallax_layout_bg_x_mobile&quot;:&quot;&quot;,&quot;jet_parallax_layout_bg_y&quot;:50,&quot;jet_parallax_layout_bg_y_tablet&quot;:&quot;&quot;,&quot;jet_parallax_layout_bg_y_mobile&quot;:&quot;&quot;,&quot;jet_parallax_layout_bg_size&quot;:&quot;auto&quot;,&quot;jet_parallax_layout_bg_size_tablet&quot;:&quot;&quot;,&quot;jet_parallax_layout_bg_size_mobile&quot;:&quot;&quot;,&quot;jet_parallax_layout_animation_prop&quot;:&quot;transform&quot;,&quot;jet_parallax_layout_on&quot;:[&quot;desktop&quot;,&quot;tablet&quot;]}],&quot;_ha_eqh_enable&quot;:false}\">\n\t\t\t\t\t\t<div class=\"elementor-container elementor-column-gap-default\">\n\t\t\t\t\t<div class=\"elementor-column elementor-col-100 elementor-top-column elementor-element elementor-element-0190c52\" data-id=\"0190c52\" data-element_type=\"column\">\n\t\t\t<div class=\"elementor-widget-wrap elementor-element-populated\">\n\t\t\t\t\t\t<div class=\"elementor-element elementor-element-33a24d0 elementor-widget-divider--view-line elementor-widget elementor-widget-divider\" data-id=\"33a24d0\" data-element_type=\"widget\" data-widget_type=\"divider.default\">\n\t\t\t\t<div class=\"elementor-widget-container\">\n\t\t\t\t\t<div class=\"elementor-divider\">\n\t\t\t<span class=\"elementor-divider-separator\">\n\t\t\t\t\t\t<\/span>\n\t\t<\/div>\n\t\t\t\t<\/div>\n\t\t\t\t<\/div>\n\t\t\t\t<div class=\"elementor-element elementor-element-10adf80 elementor-widget elementor-widget-heading\" data-id=\"10adf80\" data-element_type=\"widget\" data-widget_type=\"heading.default\">\n\t\t\t\t<div class=\"elementor-widget-container\">\n\t\t\t<h2 class=\"elementor-heading-title elementor-size-default\">V\u00e4lkommen till K'Electric: Din karri\u00e4r hos oss<\/h2>\t\t<\/div>\n\t\t\t\t<\/div>\n\t\t\t\t<section class=\"elementor-section elementor-inner-section elementor-element elementor-element-461a7b6 elementor-section-boxed elementor-section-height-default elementor-section-height-default wpr-particle-no wpr-jarallax-no wpr-parallax-no wpr-sticky-section-no\" data-id=\"461a7b6\" data-element_type=\"section\" data-settings=\"{&quot;jet_parallax_layout_list&quot;:[],&quot;_ha_eqh_enable&quot;:false}\">\n\t\t\t\t\t\t<div class=\"elementor-container elementor-column-gap-default\">\n\t\t\t\t\t<div class=\"elementor-column elementor-col-100 elementor-inner-column elementor-element elementor-element-77b36c9\" data-id=\"77b36c9\" data-element_type=\"column\">\n\t\t\t<div class=\"elementor-widget-wrap\">\n\t\t\t\t\t\t\t<\/div>\n\t\t<\/div>\n\t\t\t\t\t<\/div>\n\t\t<\/section>\n\t\t\t\t<div class=\"elementor-element elementor-element-9613261 elementor-widget__width-initial elementor-widget elementor-widget-text-editor\" data-id=\"9613261\" data-element_type=\"widget\" data-widget_type=\"text-editor.default\">\n\t\t\t\t<div class=\"elementor-widget-container\">\n\t\t\t\t\t\t\t<p>K&#8217;Electric \u00e4r alltid p\u00e5 jakt efter beg\u00e5vade m\u00e4nniskor som delar v\u00e5r entusiasm f\u00f6r elektronik och innovation. V\u00e5r framg\u00e5ng \u00e4r n\u00e4ra kopplad till v\u00e5ra medarbetares engagemang. Vi v\u00e4rdes\u00e4tter b\u00e5de erfarna experter och blivande talanger som kan bidra med nya id\u00e9er och energi.  <\/p>\n<p>Uppt\u00e4ck sp\u00e4nnande karri\u00e4rm\u00f6jligheter p\u00e5 K&#8217;Electric och forma elektronikbranschens framtid tillsammans med oss.<\/p>\n\t\t\t\t\t\t<\/div>\n\t\t\t\t<\/div>\n\t\t\t\t<div class=\"elementor-element elementor-element-6777950 elementor-widget elementor-widget-image\" data-id=\"6777950\" data-element_type=\"widget\" data-widget_type=\"image.default\">\n\t\t\t\t<div class=\"elementor-widget-container\">\n\t\t\t\t\t\t\t\t\t\t\t\t\t<img fetchpriority=\"high\" decoding=\"async\" width=\"1024\" height=\"576\" src=\"https:\/\/k-electric-gmbh.de\/wp-content\/uploads\/2024\/06\/KE_Bild_Jobs-1-1024x576.jpg\" class=\"attachment-large size-large wp-image-5139\" alt=\"Gruppenbilder der Ansprechpartner am K&#039;ELECTRIC Messestand\" srcset=\"https:\/\/k-electric-gmbh.de\/wp-content\/uploads\/2024\/06\/KE_Bild_Jobs-1-1024x576.jpg 1024w, https:\/\/k-electric-gmbh.de\/wp-content\/uploads\/2024\/06\/KE_Bild_Jobs-1-300x169.jpg 300w, https:\/\/k-electric-gmbh.de\/wp-content\/uploads\/2024\/06\/KE_Bild_Jobs-1-768x432.jpg 768w, https:\/\/k-electric-gmbh.de\/wp-content\/uploads\/2024\/06\/KE_Bild_Jobs-1-360x203.jpg 360w, https:\/\/k-electric-gmbh.de\/wp-content\/uploads\/2024\/06\/KE_Bild_Jobs-1-870x489.jpg 870w, https:\/\/k-electric-gmbh.de\/wp-content\/uploads\/2024\/06\/KE_Bild_Jobs-1-560x315.jpg 560w, https:\/\/k-electric-gmbh.de\/wp-content\/uploads\/2024\/06\/KE_Bild_Jobs-1-270x153.jpg 270w, https:\/\/k-electric-gmbh.de\/wp-content\/uploads\/2024\/06\/KE_Bild_Jobs-1-480x271.jpg 480w, https:\/\/k-electric-gmbh.de\/wp-content\/uploads\/2024\/06\/KE_Bild_Jobs-1-570x321.jpg 570w, https:\/\/k-electric-gmbh.de\/wp-content\/uploads\/2024\/06\/KE_Bild_Jobs-1.jpg 1097w\" sizes=\"(max-width: 1024px) 100vw, 1024px\" \/>\t\t\t\t\t\t\t\t\t\t\t\t\t<\/div>\n\t\t\t\t<\/div>\n\t\t\t\t\t<\/div>\n\t\t<\/div>\n\t\t\t\t\t<\/div>\n\t\t<\/section>\n\t\t\t\t<section class=\"elementor-section elementor-top-section elementor-element elementor-element-b3f7d33 elementor-section-boxed elementor-section-height-default elementor-section-height-default wpr-particle-no wpr-jarallax-no wpr-parallax-no wpr-sticky-section-no\" data-id=\"b3f7d33\" data-element_type=\"section\" data-settings=\"{&quot;jet_parallax_layout_list&quot;:[],&quot;_ha_eqh_enable&quot;:false}\">\n\t\t\t\t\t\t<div class=\"elementor-container elementor-column-gap-default\">\n\t\t\t\t\t<div class=\"elementor-column elementor-col-100 elementor-top-column elementor-element elementor-element-163edec\" data-id=\"163edec\" data-element_type=\"column\">\n\t\t\t<div class=\"elementor-widget-wrap elementor-element-populated\">\n\t\t\t\t\t\t<div class=\"elementor-element elementor-element-fd852f0 elementor-grid-eael-col-3 elementor-grid-tablet-eael-col-2 elementor-grid-mobile-eael-col-1 elementor-widget elementor-widget-eael-post-grid\" data-id=\"fd852f0\" data-element_type=\"widget\" data-settings=\"{&quot;eael_post_grid_columns&quot;:&quot;eael-col-3&quot;,&quot;eael_post_grid_columns_tablet&quot;:&quot;eael-col-2&quot;,&quot;eael_post_grid_columns_mobile&quot;:&quot;eael-col-1&quot;}\" data-widget_type=\"eael-post-grid.default\">\n\t\t\t\t<div class=\"elementor-widget-container\">\n\t\t\t<div id=\"eael-post-grid-fd852f0\" class=\"eael-post-grid-container\">\n            <div class=\"eael-post-grid eael-post-appender eael-post-appender-fd852f0 eael-post-grid-style-one\" data-layout-mode=\"grid\"><p class=\"no-posts-found\">No posts found!<\/p><\/div>\n            <div class=\"clearfix\"><\/div>\n        <\/div>\t\t<\/div>\n\t\t\t\t<\/div>\n\t\t\t\t\t<\/div>\n\t\t<\/div>\n\t\t\t\t\t<\/div>\n\t\t<\/section>\n\t\t\t\t<section class=\"elementor-section elementor-top-section elementor-element elementor-element-41ccac7 elementor-section-boxed elementor-section-height-default elementor-section-height-default wpr-particle-no wpr-jarallax-no wpr-parallax-no wpr-sticky-section-no\" data-id=\"41ccac7\" data-element_type=\"section\" data-settings=\"{&quot;jet_parallax_layout_list&quot;:[{&quot;_id&quot;:&quot;394f973&quot;,&quot;jet_parallax_layout_image&quot;:{&quot;url&quot;:&quot;&quot;,&quot;id&quot;:&quot;&quot;,&quot;size&quot;:&quot;&quot;},&quot;jet_parallax_layout_image_tablet&quot;:{&quot;url&quot;:&quot;&quot;,&quot;id&quot;:&quot;&quot;,&quot;size&quot;:&quot;&quot;},&quot;jet_parallax_layout_image_mobile&quot;:{&quot;url&quot;:&quot;&quot;,&quot;id&quot;:&quot;&quot;,&quot;size&quot;:&quot;&quot;},&quot;jet_parallax_layout_speed&quot;:{&quot;unit&quot;:&quot;%&quot;,&quot;size&quot;:50,&quot;sizes&quot;:[]},&quot;jet_parallax_layout_type&quot;:&quot;scroll&quot;,&quot;jet_parallax_layout_direction&quot;:null,&quot;jet_parallax_layout_fx_direction&quot;:null,&quot;jet_parallax_layout_z_index&quot;:&quot;&quot;,&quot;jet_parallax_layout_bg_x&quot;:50,&quot;jet_parallax_layout_bg_x_tablet&quot;:&quot;&quot;,&quot;jet_parallax_layout_bg_x_mobile&quot;:&quot;&quot;,&quot;jet_parallax_layout_bg_y&quot;:50,&quot;jet_parallax_layout_bg_y_tablet&quot;:&quot;&quot;,&quot;jet_parallax_layout_bg_y_mobile&quot;:&quot;&quot;,&quot;jet_parallax_layout_bg_size&quot;:&quot;auto&quot;,&quot;jet_parallax_layout_bg_size_tablet&quot;:&quot;&quot;,&quot;jet_parallax_layout_bg_size_mobile&quot;:&quot;&quot;,&quot;jet_parallax_layout_animation_prop&quot;:&quot;transform&quot;,&quot;jet_parallax_layout_on&quot;:[&quot;desktop&quot;,&quot;tablet&quot;]}],&quot;_ha_eqh_enable&quot;:false}\">\n\t\t\t\t\t\t<div class=\"elementor-container elementor-column-gap-no\">\n\t\t\t\t\t<div class=\"elementor-column elementor-col-100 elementor-top-column elementor-element elementor-element-ce7cd78 invert\" data-id=\"ce7cd78\" data-element_type=\"column\" data-settings=\"{&quot;background_background&quot;:&quot;classic&quot;}\">\n\t\t\t<div class=\"elementor-widget-wrap elementor-element-populated\">\n\t\t\t\t\t\t<div class=\"elementor-element elementor-element-caac386 elementor-widget__width-auto elementor-widget elementor-widget-jet-headline\" data-id=\"caac386\" data-element_type=\"widget\" data-widget_type=\"jet-headline.default\">\n\t\t\t\t<div class=\"elementor-widget-container\">\n\t\t\t<h2 class=\"jet-headline jet-headline--direction-horizontal\"><span class=\"jet-headline__part jet-headline__first\"><span class=\"jet-headline__label\">Forma framtiden tillsammans med oss!<\/span><\/span><span class=\"jet-headline__part jet-headline__second\"><span class=\"jet-headline__label\">Vi ser fram emot att ta emot din spontanans\u00f6kan.<\/span><\/span><\/h2>\t\t<\/div>\n\t\t\t\t<\/div>\n\t\t\t\t<div class=\"elementor-element elementor-element-b39b5cb elementor-widget__width-auto elementor-widget-tablet__width-inherit elementor-widget-mobile__width-inherit elementor-widget elementor-widget-jet-button\" data-id=\"b39b5cb\" data-element_type=\"widget\" data-widget_type=\"jet-button.default\">\n\t\t\t\t<div class=\"elementor-widget-container\">\n\t\t\t<div class=\"elementor-jet-button jet-elements\"><div class=\"jet-button__container\">\n\t<a class=\"jet-button__instance jet-button__instance--icon-left hover-effect-1\" href=\"mailto:jobs@k-electric-gmbh.de\">\n\t\t<div class=\"jet-button__plane jet-button__plane-normal\"><\/div>\n\t\t<div class=\"jet-button__plane jet-button__plane-hover\"><\/div>\n\t\t<div class=\"jet-button__state jet-button__state-normal\">\n\t\t\t<span class=\"jet-button__icon jet-elements-icon\"><i aria-hidden=\"true\" class=\"fas fa-envelope\"><\/i><\/span><span class=\"jet-button__label\">Kontakta oss<\/span>\t\t<\/div>\n\t\t<div class=\"jet-button__state jet-button__state-hover\">\n\t\t\t<span class=\"jet-button__icon jet-elements-icon\"><i aria-hidden=\"true\" class=\"fas fa-envelope\"><\/i><\/span><span class=\"jet-button__label\">Kontakta oss<\/span>\t\t<\/div>\n\t<\/a>\n<\/div>\n<\/div>\t\t<\/div>\n\t\t\t\t<\/div>\n\t\t\t\t\t<\/div>\n\t\t<\/div>\n\t\t\t\t\t<\/div>\n\t\t<\/section>\n\t\t\t\t<\/div>\n\t\t","protected":false},"excerpt":{"rendered":"<p>V\u00e4lkommen till K&#8217;Electric: Din karri\u00e4r hos oss K&#8217;Electric \u00e4r alltid p\u00e5 jakt efter beg\u00e5vade m\u00e4nniskor som delar v\u00e5r entusiasm f\u00f6r elektronik och innovation. V\u00e5r framg\u00e5ng \u00e4r n\u00e4ra kopplad till v\u00e5ra medarbetares engagemang. Vi v\u00e4rdes\u00e4tter b\u00e5de erfarna experter och blivande talanger som kan bidra med nya id\u00e9er och energi. Uppt\u00e4ck sp\u00e4nnande karri\u00e4rm\u00f6jligheter p\u00e5 K&#8217;Electric och forma elektronikbranschens framtid tillsammans med oss. Elektriker (m\/w\/d) Mitarbeiter f\u00fcr den technischen Kundensupport (m\/w\/d) Mitarbeiter f\u00fcr den technischen Vetriebsinnendienst (m\/w\/d) Mitarbeiter f\u00fcr den technischen Support (m\/w\/d) &amp; Betreuung unseres Showrooms Forma framtiden tillsammans med oss!Vi ser fram emot att ta emot din spontanans\u00f6kan. Kontakta oss Kontakta oss<\/p>\n","protected":false},"author":1,"featured_media":0,"parent":0,"menu_order":0,"comment_status":"closed","ping_status":"closed","template":"","meta":{"footnotes":""},"class_list":["post-7874","page","type-page","status-publish","hentry","no-thumb"],"yoast_head":"<!-- This site is optimized with the Yoast SEO plugin v23.9 - https:\/\/yoast.com\/wordpress\/plugins\/seo\/ -->\n<title>Karri\u00e4r - K&#039;ELECTRIC<\/title>\n<meta name=\"robots\" content=\"index, follow, max-snippet:-1, max-image-preview:large, max-video-preview:-1\" \/>\n<link rel=\"canonical\" href=\"https:\/\/k-electric-gmbh.de\/sv\/karriaer\/\" \/>\n<meta property=\"og:locale\" content=\"sv_SE\" \/>\n<meta property=\"og:type\" content=\"article\" \/>\n<meta property=\"og:title\" content=\"Karri\u00e4r - K&#039;ELECTRIC\" \/>\n<meta property=\"og:description\" content=\"V\u00e4lkommen till K&#8217;Electric: Din karri\u00e4r hos oss K&#8217;Electric \u00e4r alltid p\u00e5 jakt efter beg\u00e5vade m\u00e4nniskor som delar v\u00e5r entusiasm f\u00f6r elektronik och innovation. V\u00e5r framg\u00e5ng \u00e4r n\u00e4ra kopplad till v\u00e5ra medarbetares engagemang. Vi v\u00e4rdes\u00e4tter b\u00e5de erfarna experter och blivande talanger som kan bidra med nya id\u00e9er och energi. Uppt\u00e4ck sp\u00e4nnande karri\u00e4rm\u00f6jligheter p\u00e5 K&#8217;Electric och forma elektronikbranschens framtid tillsammans med oss. Elektriker (m\/w\/d) Mitarbeiter f\u00fcr den technischen Kundensupport (m\/w\/d) Mitarbeiter f\u00fcr den technischen Vetriebsinnendienst (m\/w\/d) Mitarbeiter f\u00fcr den technischen Support (m\/w\/d) &amp; Betreuung unseres Showrooms Forma framtiden tillsammans med oss!Vi ser fram emot att ta emot din spontanans\u00f6kan. Kontakta oss Kontakta oss\" \/>\n<meta property=\"og:url\" content=\"https:\/\/k-electric-gmbh.de\/sv\/karriaer\/\" \/>\n<meta property=\"og:site_name\" content=\"K&#039;ELECTRIC\" \/>\n<meta property=\"article:modified_time\" content=\"2025-09-04T12:37:05+00:00\" \/>\n<meta property=\"og:image\" content=\"https:\/\/k-electric-gmbh.de\/wp-content\/uploads\/2024\/06\/KE_Bild_Jobs-1-1024x576.jpg\" \/>\n<meta name=\"twitter:card\" content=\"summary_large_image\" \/>\n<meta name=\"twitter:label1\" content=\"Ber\u00e4knad l\u00e4stid\" \/>\n\t<meta name=\"twitter:data1\" content=\"1 minut\" \/>\n<script type=\"application\/ld+json\" class=\"yoast-schema-graph\">{\"@context\":\"https:\/\/schema.org\",\"@graph\":[{\"@type\":\"WebPage\",\"@id\":\"https:\/\/k-electric-gmbh.de\/sv\/karriaer\/\",\"url\":\"https:\/\/k-electric-gmbh.de\/sv\/karriaer\/\",\"name\":\"Karri\u00e4r - K&#039;ELECTRIC\",\"isPartOf\":{\"@id\":\"https:\/\/k-electric-gmbh.de\/sv\/#website\"},\"primaryImageOfPage\":{\"@id\":\"https:\/\/k-electric-gmbh.de\/sv\/karriaer\/#primaryimage\"},\"image\":{\"@id\":\"https:\/\/k-electric-gmbh.de\/sv\/karriaer\/#primaryimage\"},\"thumbnailUrl\":\"https:\/\/k-electric-gmbh.de\/wp-content\/uploads\/2024\/06\/KE_Bild_Jobs-1-1024x576.jpg\",\"datePublished\":\"2023-09-27T16:59:00+00:00\",\"dateModified\":\"2025-09-04T12:37:05+00:00\",\"breadcrumb\":{\"@id\":\"https:\/\/k-electric-gmbh.de\/sv\/karriaer\/#breadcrumb\"},\"inLanguage\":\"sv-SE\",\"potentialAction\":[{\"@type\":\"ReadAction\",\"target\":[\"https:\/\/k-electric-gmbh.de\/sv\/karriaer\/\"]}]},{\"@type\":\"ImageObject\",\"inLanguage\":\"sv-SE\",\"@id\":\"https:\/\/k-electric-gmbh.de\/sv\/karriaer\/#primaryimage\",\"url\":\"https:\/\/k-electric-gmbh.de\/wp-content\/uploads\/2024\/06\/KE_Bild_Jobs-1-1024x576.jpg\",\"contentUrl\":\"https:\/\/k-electric-gmbh.de\/wp-content\/uploads\/2024\/06\/KE_Bild_Jobs-1-1024x576.jpg\"},{\"@type\":\"BreadcrumbList\",\"@id\":\"https:\/\/k-electric-gmbh.de\/sv\/karriaer\/#breadcrumb\",\"itemListElement\":[{\"@type\":\"ListItem\",\"position\":1,\"name\":\"Startseite\",\"item\":\"https:\/\/k-electric-gmbh.de\/sv\/\"},{\"@type\":\"ListItem\",\"position\":2,\"name\":\"Karri\u00e4r\"}]},{\"@type\":\"WebSite\",\"@id\":\"https:\/\/k-electric-gmbh.de\/sv\/#website\",\"url\":\"https:\/\/k-electric-gmbh.de\/sv\/\",\"name\":\"K'Electric\",\"description\":\"We connect to protect\",\"publisher\":{\"@id\":\"https:\/\/k-electric-gmbh.de\/sv\/#organization\"},\"potentialAction\":[{\"@type\":\"SearchAction\",\"target\":{\"@type\":\"EntryPoint\",\"urlTemplate\":\"https:\/\/k-electric-gmbh.de\/sv\/?s={search_term_string}\"},\"query-input\":{\"@type\":\"PropertyValueSpecification\",\"valueRequired\":true,\"valueName\":\"search_term_string\"}}],\"inLanguage\":\"sv-SE\"},{\"@type\":\"Organization\",\"@id\":\"https:\/\/k-electric-gmbh.de\/sv\/#organization\",\"name\":\"K'Electric\",\"url\":\"https:\/\/k-electric-gmbh.de\/sv\/\",\"logo\":{\"@type\":\"ImageObject\",\"inLanguage\":\"sv-SE\",\"@id\":\"https:\/\/k-electric-gmbh.de\/sv\/#\/schema\/logo\/image\/\",\"url\":\"https:\/\/k-electric-gmbh.de\/wp-content\/uploads\/2023\/08\/logo.png\",\"contentUrl\":\"https:\/\/k-electric-gmbh.de\/wp-content\/uploads\/2023\/08\/logo.png\",\"width\":1125,\"height\":122,\"caption\":\"K'Electric\"},\"image\":{\"@id\":\"https:\/\/k-electric-gmbh.de\/sv\/#\/schema\/logo\/image\/\"},\"sameAs\":[\"https:\/\/www.linkedin.com\/company\/k-electric-gmbh\/posts\/?feedView=all\"]}]}<\/script>\n<!-- \/ Yoast SEO plugin. -->","yoast_head_json":{"title":"Karri\u00e4r - K&#039;ELECTRIC","robots":{"index":"index","follow":"follow","max-snippet":"max-snippet:-1","max-image-preview":"max-image-preview:large","max-video-preview":"max-video-preview:-1"},"canonical":"https:\/\/k-electric-gmbh.de\/sv\/karriaer\/","og_locale":"sv_SE","og_type":"article","og_title":"Karri\u00e4r - K&#039;ELECTRIC","og_description":"V\u00e4lkommen till K&#8217;Electric: Din karri\u00e4r hos oss K&#8217;Electric \u00e4r alltid p\u00e5 jakt efter beg\u00e5vade m\u00e4nniskor som delar v\u00e5r entusiasm f\u00f6r elektronik och innovation. V\u00e5r framg\u00e5ng \u00e4r n\u00e4ra kopplad till v\u00e5ra medarbetares engagemang. Vi v\u00e4rdes\u00e4tter b\u00e5de erfarna experter och blivande talanger som kan bidra med nya id\u00e9er och energi. Uppt\u00e4ck sp\u00e4nnande karri\u00e4rm\u00f6jligheter p\u00e5 K&#8217;Electric och forma elektronikbranschens framtid tillsammans med oss. Elektriker (m\/w\/d) Mitarbeiter f\u00fcr den technischen Kundensupport (m\/w\/d) Mitarbeiter f\u00fcr den technischen Vetriebsinnendienst (m\/w\/d) Mitarbeiter f\u00fcr den technischen Support (m\/w\/d) &amp; Betreuung unseres Showrooms Forma framtiden tillsammans med oss!Vi ser fram emot att ta emot din spontanans\u00f6kan. Kontakta oss Kontakta oss","og_url":"https:\/\/k-electric-gmbh.de\/sv\/karriaer\/","og_site_name":"K&#039;ELECTRIC","article_modified_time":"2025-09-04T12:37:05+00:00","og_image":[{"url":"https:\/\/k-electric-gmbh.de\/wp-content\/uploads\/2024\/06\/KE_Bild_Jobs-1-1024x576.jpg"}],"twitter_card":"summary_large_image","twitter_misc":{"Ber\u00e4knad l\u00e4stid":"1 minut"},"schema":{"@context":"https:\/\/schema.org","@graph":[{"@type":"WebPage","@id":"https:\/\/k-electric-gmbh.de\/sv\/karriaer\/","url":"https:\/\/k-electric-gmbh.de\/sv\/karriaer\/","name":"Karri\u00e4r - K&#039;ELECTRIC","isPartOf":{"@id":"https:\/\/k-electric-gmbh.de\/sv\/#website"},"primaryImageOfPage":{"@id":"https:\/\/k-electric-gmbh.de\/sv\/karriaer\/#primaryimage"},"image":{"@id":"https:\/\/k-electric-gmbh.de\/sv\/karriaer\/#primaryimage"},"thumbnailUrl":"https:\/\/k-electric-gmbh.de\/wp-content\/uploads\/2024\/06\/KE_Bild_Jobs-1-1024x576.jpg","datePublished":"2023-09-27T16:59:00+00:00","dateModified":"2025-09-04T12:37:05+00:00","breadcrumb":{"@id":"https:\/\/k-electric-gmbh.de\/sv\/karriaer\/#breadcrumb"},"inLanguage":"sv-SE","potentialAction":[{"@type":"ReadAction","target":["https:\/\/k-electric-gmbh.de\/sv\/karriaer\/"]}]},{"@type":"ImageObject","inLanguage":"sv-SE","@id":"https:\/\/k-electric-gmbh.de\/sv\/karriaer\/#primaryimage","url":"https:\/\/k-electric-gmbh.de\/wp-content\/uploads\/2024\/06\/KE_Bild_Jobs-1-1024x576.jpg","contentUrl":"https:\/\/k-electric-gmbh.de\/wp-content\/uploads\/2024\/06\/KE_Bild_Jobs-1-1024x576.jpg"},{"@type":"BreadcrumbList","@id":"https:\/\/k-electric-gmbh.de\/sv\/karriaer\/#breadcrumb","itemListElement":[{"@type":"ListItem","position":1,"name":"Startseite","item":"https:\/\/k-electric-gmbh.de\/sv\/"},{"@type":"ListItem","position":2,"name":"Karri\u00e4r"}]},{"@type":"WebSite","@id":"https:\/\/k-electric-gmbh.de\/sv\/#website","url":"https:\/\/k-electric-gmbh.de\/sv\/","name":"K'Electric","description":"We connect to protect","publisher":{"@id":"https:\/\/k-electric-gmbh.de\/sv\/#organization"},"potentialAction":[{"@type":"SearchAction","target":{"@type":"EntryPoint","urlTemplate":"https:\/\/k-electric-gmbh.de\/sv\/?s={search_term_string}"},"query-input":{"@type":"PropertyValueSpecification","valueRequired":true,"valueName":"search_term_string"}}],"inLanguage":"sv-SE"},{"@type":"Organization","@id":"https:\/\/k-electric-gmbh.de\/sv\/#organization","name":"K'Electric","url":"https:\/\/k-electric-gmbh.de\/sv\/","logo":{"@type":"ImageObject","inLanguage":"sv-SE","@id":"https:\/\/k-electric-gmbh.de\/sv\/#\/schema\/logo\/image\/","url":"https:\/\/k-electric-gmbh.de\/wp-content\/uploads\/2023\/08\/logo.png","contentUrl":"https:\/\/k-electric-gmbh.de\/wp-content\/uploads\/2023\/08\/logo.png","width":1125,"height":122,"caption":"K'Electric"},"image":{"@id":"https:\/\/k-electric-gmbh.de\/sv\/#\/schema\/logo\/image\/"},"sameAs":["https:\/\/www.linkedin.com\/company\/k-electric-gmbh\/posts\/?feedView=all"]}]}},"_links":{"self":[{"href":"https:\/\/k-electric-gmbh.de\/sv\/wp-json\/wp\/v2\/pages\/7874","targetHints":{"allow":["GET"]}}],"collection":[{"href":"https:\/\/k-electric-gmbh.de\/sv\/wp-json\/wp\/v2\/pages"}],"about":[{"href":"https:\/\/k-electric-gmbh.de\/sv\/wp-json\/wp\/v2\/types\/page"}],"author":[{"embeddable":true,"href":"https:\/\/k-electric-gmbh.de\/sv\/wp-json\/wp\/v2\/users\/1"}],"replies":[{"embeddable":true,"href":"https:\/\/k-electric-gmbh.de\/sv\/wp-json\/wp\/v2\/comments?post=7874"}],"version-history":[{"count":2,"href":"https:\/\/k-electric-gmbh.de\/sv\/wp-json\/wp\/v2\/pages\/7874\/revisions"}],"predecessor-version":[{"id":7886,"href":"https:\/\/k-electric-gmbh.de\/sv\/wp-json\/wp\/v2\/pages\/7874\/revisions\/7886"}],"wp:attachment":[{"href":"https:\/\/k-electric-gmbh.de\/sv\/wp-json\/wp\/v2\/media?parent=7874"}],"curies":[{"name":"wp","href":"https:\/\/api.w.org\/{rel}","templated":true}]}}