{"id":7526,"date":"2025-06-26T19:12:25","date_gmt":"2025-06-26T17:12:25","guid":{"rendered":"https:\/\/k-electric-gmbh.de\/stoed\/"},"modified":"2025-09-02T13:50:36","modified_gmt":"2025-09-02T11:50:36","slug":"stoed","status":"publish","type":"page","link":"https:\/\/k-electric-gmbh.de\/sv\/stoed\/","title":{"rendered":"St\u00f6d"},"content":{"rendered":"\t\t<div data-elementor-type=\"wp-post\" data-elementor-id=\"7526\" class=\"elementor elementor-7526 elementor-7414\">\n\t\t\t\t\t\t<section class=\"elementor-section elementor-top-section elementor-element elementor-element-e5ed84e elementor-section-boxed elementor-section-height-default elementor-section-height-default wpr-particle-no wpr-jarallax-no wpr-parallax-no wpr-sticky-section-no\" data-id=\"e5ed84e\" data-element_type=\"section\" data-settings=\"{&quot;jet_parallax_layout_list&quot;:[{&quot;_id&quot;:&quot;78f00d0&quot;,&quot;jet_parallax_layout_image&quot;:{&quot;url&quot;:&quot;&quot;,&quot;id&quot;:&quot;&quot;,&quot;size&quot;:&quot;&quot;},&quot;jet_parallax_layout_image_tablet&quot;:{&quot;url&quot;:&quot;&quot;,&quot;id&quot;:&quot;&quot;,&quot;size&quot;:&quot;&quot;},&quot;jet_parallax_layout_image_mobile&quot;:{&quot;url&quot;:&quot;&quot;,&quot;id&quot;:&quot;&quot;,&quot;size&quot;:&quot;&quot;},&quot;jet_parallax_layout_speed&quot;:{&quot;unit&quot;:&quot;%&quot;,&quot;size&quot;:50,&quot;sizes&quot;:[]},&quot;jet_parallax_layout_type&quot;:&quot;scroll&quot;,&quot;jet_parallax_layout_direction&quot;:null,&quot;jet_parallax_layout_fx_direction&quot;:null,&quot;jet_parallax_layout_z_index&quot;:&quot;&quot;,&quot;jet_parallax_layout_bg_x&quot;:50,&quot;jet_parallax_layout_bg_x_tablet&quot;:&quot;&quot;,&quot;jet_parallax_layout_bg_x_mobile&quot;:&quot;&quot;,&quot;jet_parallax_layout_bg_y&quot;:50,&quot;jet_parallax_layout_bg_y_tablet&quot;:&quot;&quot;,&quot;jet_parallax_layout_bg_y_mobile&quot;:&quot;&quot;,&quot;jet_parallax_layout_bg_size&quot;:&quot;auto&quot;,&quot;jet_parallax_layout_bg_size_tablet&quot;:&quot;&quot;,&quot;jet_parallax_layout_bg_size_mobile&quot;:&quot;&quot;,&quot;jet_parallax_layout_animation_prop&quot;:&quot;transform&quot;,&quot;jet_parallax_layout_on&quot;:[&quot;desktop&quot;,&quot;tablet&quot;]}],&quot;_ha_eqh_enable&quot;:false}\">\n\t\t\t\t\t\t<div class=\"elementor-container elementor-column-gap-default\">\n\t\t\t\t\t<div class=\"elementor-column elementor-col-50 elementor-top-column elementor-element elementor-element-968d983\" data-id=\"968d983\" data-element_type=\"column\">\n\t\t\t<div class=\"elementor-widget-wrap elementor-element-populated\">\n\t\t\t\t\t\t<div class=\"elementor-element elementor-element-46bfea7 elementor-widget-divider--view-line elementor-widget elementor-widget-divider\" data-id=\"46bfea7\" data-element_type=\"widget\" data-widget_type=\"divider.default\">\n\t\t\t\t<div class=\"elementor-widget-container\">\n\t\t\t\t\t<div class=\"elementor-divider\">\n\t\t\t<span class=\"elementor-divider-separator\">\n\t\t\t\t\t\t<\/span>\n\t\t<\/div>\n\t\t\t\t<\/div>\n\t\t\t\t<\/div>\n\t\t\t\t<div class=\"elementor-element elementor-element-890c438 elementor-widget elementor-widget-heading\" data-id=\"890c438\" data-element_type=\"widget\" data-widget_type=\"heading.default\">\n\t\t\t\t<div class=\"elementor-widget-container\">\n\t\t\t<h1 class=\"elementor-heading-title elementor-size-default\">Kontaktuppgifter<\/h1>\t\t<\/div>\n\t\t\t\t<\/div>\n\t\t\t\t<div class=\"elementor-element elementor-element-f73d332 elementor-position-left elementor-view-default elementor-mobile-position-top elementor-vertical-align-top elementor-widget elementor-widget-icon-box\" data-id=\"f73d332\" data-element_type=\"widget\" data-widget_type=\"icon-box.default\">\n\t\t\t\t<div class=\"elementor-widget-container\">\n\t\t\t\t\t<div class=\"elementor-icon-box-wrapper\">\n\n\t\t\t\t\t\t<div class=\"elementor-icon-box-icon\">\n\t\t\t\t<span  class=\"elementor-icon elementor-animation-\">\n\t\t\t\t<svg xmlns=\"http:\/\/www.w3.org\/2000\/svg\" width=\"1024\" height=\"1024\" viewBox=\"0 0 1024 1024\"><title><\/title><g id=\"icomoon-ignore\"><\/g><path d=\"M512 992c9.6 0 16-3.2 22.4-9.6 16-16 361.6-368 361.6-598.4 0-240-195.2-384-384-384s-384 144-384 384c0 227.2 345.6 582.4 361.6 598.4 6.4 6.4 12.8 9.6 22.4 9.6zM512 64c156.8 0 320 121.6 320 320 0 172.8-243.2 444.8-320 528-76.8-80-320-355.2-320-528 0-198.4 163.2-320 320-320zM640 384c0-70.4-57.6-128-128-128s-128 57.6-128 128 57.6 128 128 128 128-57.6 128-128zM448 384c0-35.2 28.8-64 64-64s64 28.8 64 64-28.8 64-64 64-64-28.8-64-64z\"><\/path><\/svg>\t\t\t\t<\/span>\n\t\t\t<\/div>\n\t\t\t\n\t\t\t\t\t\t<div class=\"elementor-icon-box-content\">\n\n\t\t\t\t\t\t\t\t\t<h3 class=\"elementor-icon-box-title\">\n\t\t\t\t\t\t<span  >\n\t\t\t\t\t\t\tBes\u00f6k oss\t\t\t\t\t\t<\/span>\n\t\t\t\t\t<\/h3>\n\t\t\t\t\n\t\t\t\t\t\t\t\t\t<p class=\"elementor-icon-box-description\">\n\t\t\t\t\t\tCarl-Benz-Stra\u00dfe 7, 95448 Bayreuth\t\t\t\t\t<\/p>\n\t\t\t\t\n\t\t\t<\/div>\n\t\t\t\n\t\t<\/div>\n\t\t\t\t<\/div>\n\t\t\t\t<\/div>\n\t\t\t\t<div class=\"elementor-element elementor-element-95b2e98 elementor-position-left elementor-view-default elementor-mobile-position-top elementor-vertical-align-top elementor-widget elementor-widget-icon-box\" data-id=\"95b2e98\" data-element_type=\"widget\" data-widget_type=\"icon-box.default\">\n\t\t\t\t<div class=\"elementor-widget-container\">\n\t\t\t\t\t<div class=\"elementor-icon-box-wrapper\">\n\n\t\t\t\t\t\t<div class=\"elementor-icon-box-icon\">\n\t\t\t\t<span  class=\"elementor-icon elementor-animation-\">\n\t\t\t\t<svg xmlns=\"http:\/\/www.w3.org\/2000\/svg\" width=\"1024\" height=\"1024\" viewBox=\"0 0 1024 1024\"><title><\/title><g id=\"icomoon-ignore\"><\/g><path d=\"M448 96h128v64h-128v-64zM256 1024h512c52.928 0 96-43.072 96-96v-832c0-52.928-43.072-96-96-96h-512c-52.928 0-96 43.072-96 96v832c0 52.928 43.072 96 96 96zM224 96c0-17.632 14.336-32 32-32h512c17.664 0 32 14.368 32 32v96h-576v-96zM224 256h576v448h-576v-448zM800 768v160c0 17.632-14.336 32-32 32h-512c-17.664 0-32-14.368-32-32v-160h576z\"><\/path><\/svg>\t\t\t\t<\/span>\n\t\t\t<\/div>\n\t\t\t\n\t\t\t\t\t\t<div class=\"elementor-icon-box-content\">\n\n\t\t\t\t\t\t\t\t\t<h3 class=\"elementor-icon-box-title\">\n\t\t\t\t\t\t<span  >\n\t\t\t\t\t\t\tRing oss p\u00e5 telefon\t\t\t\t\t\t<\/span>\n\t\t\t\t\t<\/h3>\n\t\t\t\t\n\t\t\t\t\t\t\t\t\t<p class=\"elementor-icon-box-description\">\n\t\t\t\t\t\t<a href=\"tel:+49%20921%20151%2026%2078-0\">+49 921 151 2678-0<\/a>\t\t\t\t\t<\/p>\n\t\t\t\t\n\t\t\t<\/div>\n\t\t\t\n\t\t<\/div>\n\t\t\t\t<\/div>\n\t\t\t\t<\/div>\n\t\t\t\t<div class=\"elementor-element elementor-element-f72ffeb elementor-position-left elementor-view-default elementor-mobile-position-top elementor-vertical-align-top elementor-widget elementor-widget-icon-box\" data-id=\"f72ffeb\" data-element_type=\"widget\" data-widget_type=\"icon-box.default\">\n\t\t\t\t<div class=\"elementor-widget-container\">\n\t\t\t\t\t<div class=\"elementor-icon-box-wrapper\">\n\n\t\t\t\t\t\t<div class=\"elementor-icon-box-icon\">\n\t\t\t\t<span  class=\"elementor-icon elementor-animation-\">\n\t\t\t\t<svg xmlns=\"http:\/\/www.w3.org\/2000\/svg\" width=\"1024\" height=\"1024\" viewBox=\"0 0 1024 1024\"><title><\/title><g id=\"icomoon-ignore\"><\/g><path d=\"M1022.016 150.144c-0.672-2.080-1.6-3.936-2.688-5.824-0.608-1.056-0.768-2.272-1.504-3.264-0.512-0.672-1.248-0.992-1.792-1.632-1.44-1.664-3.040-3.008-4.8-4.352-1.6-1.248-3.136-2.432-4.928-3.328-1.76-0.896-3.616-1.44-5.536-1.984-2.144-0.608-4.224-1.152-6.464-1.312-0.8-0.032-1.472-0.448-2.304-0.448h-960c-0.832 0-1.504 0.416-2.304 0.48-2.24 0.16-4.32 0.672-6.464 1.28-1.92 0.576-3.776 1.088-5.536 1.984-1.792 0.928-3.328 2.112-4.928 3.328-1.728 1.344-3.36 2.688-4.8 4.352-0.544 0.64-1.28 0.96-1.792 1.632-0.736 1.024-0.896 2.208-1.504 3.264-1.088 1.888-1.984 3.744-2.688 5.824-0.704 2.112-1.056 4.192-1.28 6.368-0.128 1.216-0.704 2.24-0.704 3.488v704c0 17.696 14.336 32 32 32h960c17.664 0 32-14.304 32-32v-704c0-1.248-0.576-2.272-0.704-3.488-0.224-2.176-0.576-4.256-1.28-6.368zM894.24 192l-382.24 280.32-382.24-280.32h764.48zM64 832v-608.832l429.088 314.656c5.6 4.128 12.256 6.176 18.912 6.176s13.312-2.048 18.912-6.176l429.088-314.656v608.832h-896z\"><\/path><\/svg>\t\t\t\t<\/span>\n\t\t\t<\/div>\n\t\t\t\n\t\t\t\t\t\t<div class=\"elementor-icon-box-content\">\n\n\t\t\t\t\t\t\t\t\t<h3 class=\"elementor-icon-box-title\">\n\t\t\t\t\t\t<span  >\n\t\t\t\t\t\t\tSkriv till oss\t\t\t\t\t\t<\/span>\n\t\t\t\t\t<\/h3>\n\t\t\t\t\n\t\t\t\t\t\t\t\t\t<p class=\"elementor-icon-box-description\">\n\t\t\t\t\t\t<a href=\"mailto:office@k-electric-gmbh.de\">office@k-electric-gmbh.de<\/a>\t\t\t\t\t<\/p>\n\t\t\t\t\n\t\t\t<\/div>\n\t\t\t\n\t\t<\/div>\n\t\t\t\t<\/div>\n\t\t\t\t<\/div>\n\t\t\t\t<div class=\"elementor-element elementor-element-d07051d elementor-position-left elementor-view-default elementor-mobile-position-top elementor-vertical-align-top elementor-widget elementor-widget-icon-box\" data-id=\"d07051d\" data-element_type=\"widget\" data-widget_type=\"icon-box.default\">\n\t\t\t\t<div class=\"elementor-widget-container\">\n\t\t\t\t\t<div class=\"elementor-icon-box-wrapper\">\n\n\t\t\t\t\t\t<div class=\"elementor-icon-box-icon\">\n\t\t\t\t<span  class=\"elementor-icon elementor-animation-\">\n\t\t\t\t<svg xmlns=\"http:\/\/www.w3.org\/2000\/svg\" width=\"1024\" height=\"1024\" viewBox=\"0 0 1024 1024\"><path d=\"M512 0c-282.304 0-512 229.696-512 512s229.696 512 512 512 512-229.696 512-512-229.696-512-512-512zM544 958.368v-126.368c0-17.664-14.304-32-32-32s-32 14.336-32 32v126.368c-221.472-15.744-398.624-192.896-414.368-414.368h126.368c17.696 0 32-14.336 32-32s-14.304-32-32-32h-126.368c15.744-221.472 192.896-398.624 414.368-414.368v126.368c0 17.664 14.304 32 32 32s32-14.336 32-32v-126.368c221.472 15.744 398.624 192.896 414.368 414.368h-126.368c-17.696 0-32 14.336-32 32s14.304 32 32 32h126.368c-15.744 221.472-192.896 398.624-414.368 414.368zM704 480h-176l-182.4-243.2c-10.592-14.144-30.688-17.056-44.8-6.4-14.144 10.592-17.024 30.656-6.4 44.8l192 256c6.016 8.064 15.52 12.8 25.6 12.8h192c17.696 0 32-14.336 32-32s-14.304-32-32-32z\"><\/path><\/svg>\t\t\t\t<\/span>\n\t\t\t<\/div>\n\t\t\t\n\t\t\t\t\t\t<div class=\"elementor-icon-box-content\">\n\n\t\t\t\t\t\t\t\t\t<h3 class=\"elementor-icon-box-title\">\n\t\t\t\t\t\t<span  >\n\t\t\t\t\t\t\t\u00d6ppettider\t\t\t\t\t\t<\/span>\n\t\t\t\t\t<\/h3>\n\t\t\t\t\n\t\t\t\t\t\t\t\t\t<p class=\"elementor-icon-box-description\">\n\t\t\t\t\t\tM\u00e5n-Tors: 08:00-16:00<br>Fr: 08:00-14:00<br>\t\t\t\t\t<\/p>\n\t\t\t\t\n\t\t\t<\/div>\n\t\t\t\n\t\t<\/div>\n\t\t\t\t<\/div>\n\t\t\t\t<\/div>\n\t\t\t\t\t<\/div>\n\t\t<\/div>\n\t\t\t\t<div class=\"elementor-column elementor-col-50 elementor-top-column elementor-element elementor-element-0fe9bfa\" data-id=\"0fe9bfa\" data-element_type=\"column\">\n\t\t\t<div class=\"elementor-widget-wrap elementor-element-populated\">\n\t\t\t\t\t\t<div class=\"elementor-element elementor-element-572d9b8 elementor-widget-divider--view-line elementor-widget elementor-widget-divider\" data-id=\"572d9b8\" data-element_type=\"widget\" data-widget_type=\"divider.default\">\n\t\t\t\t<div class=\"elementor-widget-container\">\n\t\t\t\t\t<div class=\"elementor-divider\">\n\t\t\t<span class=\"elementor-divider-separator\">\n\t\t\t\t\t\t<\/span>\n\t\t<\/div>\n\t\t\t\t<\/div>\n\t\t\t\t<\/div>\n\t\t\t\t<div class=\"elementor-element elementor-element-1572804 elementor-widget elementor-widget-heading\" data-id=\"1572804\" data-element_type=\"widget\" data-widget_type=\"heading.default\">\n\t\t\t\t<div class=\"elementor-widget-container\">\n\t\t\t<h4 class=\"elementor-heading-title elementor-size-default\">St\u00f6dformul\u00e4r<\/h4>\t\t<\/div>\n\t\t\t\t<\/div>\n\t\t\t\t<div class=\"elementor-element elementor-element-fdc2f6d elementor-widget__width-initial elementor-widget-mobile__width-inherit elementor-widget elementor-widget-text-editor\" data-id=\"fdc2f6d\" data-element_type=\"widget\" data-widget_type=\"text-editor.default\">\n\t\t\t\t<div class=\"elementor-widget-container\">\n\t\t\t\t\t\t\t<p>Om du vill komma i kontakt med oss, v\u00e4nligen fyll i detta formul\u00e4r.<\/p>\n\t\t\t\t\t\t<\/div>\n\t\t\t\t<\/div>\n\t\t\t\t<div class=\"elementor-element elementor-element-623d694 elementor-widget elementor-widget-shortcode\" data-id=\"623d694\" data-element_type=\"widget\" data-widget_type=\"shortcode.default\">\n\t\t\t\t<div class=\"elementor-widget-container\">\n\t\t\t\t\t<div class=\"elementor-shortcode\">\n<div class=\"wpcf7 no-js\" id=\"wpcf7-f7525-o1\" lang=\"sv-SE\" dir=\"ltr\" data-wpcf7-id=\"7525\">\n<div class=\"screen-reader-response\"><p role=\"status\" aria-live=\"polite\" aria-atomic=\"true\"><\/p> <ul><\/ul><\/div>\n<form action=\"\/sv\/wp-json\/wp\/v2\/pages\/7526#wpcf7-f7525-o1\" method=\"post\" class=\"wpcf7-form init\" aria-label=\"Kontaktformul\u00e4r\" novalidate=\"novalidate\" data-status=\"init\">\n<div style=\"display: none;\">\n<input type=\"hidden\" name=\"_wpcf7\" value=\"7525\" \/>\n<input type=\"hidden\" name=\"_wpcf7_version\" value=\"6.0.4\" \/>\n<input type=\"hidden\" name=\"_wpcf7_locale\" value=\"sv_SE\" \/>\n<input type=\"hidden\" name=\"_wpcf7_unit_tag\" value=\"wpcf7-f7525-o1\" \/>\n<input type=\"hidden\" name=\"_wpcf7_container_post\" value=\"0\" \/>\n<input type=\"hidden\" name=\"_wpcf7_posted_data_hash\" value=\"\" \/>\n<input type=\"hidden\" name=\"_wpcf7_recaptcha_response\" value=\"\" \/>\n<\/div>\n<p><label> Ditt namn<br \/>\n<span class=\"wpcf7-form-control-wrap\" data-name=\"your-name\"><input size=\"40\" maxlength=\"400\" class=\"wpcf7-form-control wpcf7-text wpcf7-validates-as-required\" autocomplete=\"name\" aria-required=\"true\" aria-invalid=\"false\" value=\"\" type=\"text\" name=\"your-name\" \/><\/span> <\/label>\n<\/p>\n<p><label> Ditt f\u00f6retag<br \/>\n<span class=\"wpcf7-form-control-wrap\" data-name=\"firma\"><input size=\"40\" maxlength=\"400\" class=\"wpcf7-form-control wpcf7-text\" aria-invalid=\"false\" value=\"\" type=\"text\" name=\"firma\" \/><\/span> <\/label>\n<\/p>\n<p><label> Din e-post<br \/>\n<span class=\"wpcf7-form-control-wrap\" data-name=\"your-email\"><input size=\"40\" maxlength=\"400\" class=\"wpcf7-form-control wpcf7-email wpcf7-validates-as-required wpcf7-text wpcf7-validates-as-email\" autocomplete=\"email\" aria-required=\"true\" aria-invalid=\"false\" value=\"\" type=\"email\" name=\"your-email\" \/><\/span> <\/label>\n<\/p>\n<p><label> Kundnummer<br \/>\n<span class=\"wpcf7-form-control-wrap\" data-name=\"kundennummer\"><input size=\"40\" maxlength=\"400\" class=\"wpcf7-form-control wpcf7-text\" aria-invalid=\"false\" value=\"\" type=\"text\" name=\"kundennummer\" \/><\/span> <\/label>\n<\/p>\n<p><label> Best\u00e4llningsnummer<br \/>\n<span class=\"wpcf7-form-control-wrap\" data-name=\"bestellnummer\"><input size=\"40\" maxlength=\"400\" class=\"wpcf7-form-control wpcf7-text\" aria-invalid=\"false\" value=\"\" type=\"text\" name=\"bestellnummer\" \/><\/span> <\/label>\n<\/p>\n<p><label> Orderbekr\u00e4ftelsens nummer<br \/>\n<span class=\"wpcf7-form-control-wrap\" data-name=\"auftragsbestnummer\"><input size=\"40\" maxlength=\"400\" class=\"wpcf7-form-control wpcf7-text\" aria-invalid=\"false\" value=\"\" type=\"text\" name=\"auftragsbestnummer\" \/><\/span> <\/label>\n<\/p>\n<p><label> Nummer p\u00e5 f\u00f6ljesedel<br \/>\n<span class=\"wpcf7-form-control-wrap\" data-name=\"auftragsbestnummer\"><input size=\"40\" maxlength=\"400\" class=\"wpcf7-form-control wpcf7-text\" aria-invalid=\"false\" value=\"\" type=\"text\" name=\"auftragsbestnummer\" \/><\/span> <\/label>\n<\/p>\n<p><label> Bekymmer<br \/>\n<span class=\"wpcf7-form-control-wrap\" data-name=\"anliegen\"><input size=\"40\" maxlength=\"400\" class=\"wpcf7-form-control wpcf7-text wpcf7-validates-as-required\" aria-required=\"true\" aria-invalid=\"false\" value=\"\" type=\"text\" name=\"anliegen\" \/><\/span> <\/label>\n<\/p>\n<p><label> Orsak till klagom\u00e5let<br \/>\n<span class=\"wpcf7-form-control-wrap\" data-name=\"your-message\"><textarea cols=\"40\" rows=\"10\" maxlength=\"2000\" class=\"wpcf7-form-control wpcf7-textarea wpcf7-validates-as-required\" aria-required=\"true\" aria-invalid=\"false\" name=\"your-message\"><\/textarea><\/span> <\/label>\n<\/p>\n<p><label> Hur hittade du oss?<br \/>\n<span class=\"wpcf7-form-control-wrap\" data-name=\"gefunden\"><select class=\"wpcf7-form-control wpcf7-select\" aria-invalid=\"false\" name=\"gefunden\"><option value=\"Sociala medier (Instagram, Facebook, LinkedIn, YouTube)\">Sociala medier (Instagram, Facebook, LinkedIn, YouTube)<\/option><option value=\"M\u00e4ssa\">M\u00e4ssa<\/option><option value=\"Rekommendation\">Rekommendation<\/option><\/select><\/span><br \/>\n<\/label>\n<\/p>\n<p><input class=\"wpcf7-form-control wpcf7-submit has-spinner\" type=\"submit\" value=\"Skicka\" \/>\n<\/p><div class=\"wpcf7-response-output\" aria-hidden=\"true\"><\/div>\n<\/form>\n<\/div>\n<\/div>\n\t\t\t\t<\/div>\n\t\t\t\t<\/div>\n\t\t\t\t\t<\/div>\n\t\t<\/div>\n\t\t\t\t\t<\/div>\n\t\t<\/section>\n\t\t\t\t<\/div>\n\t\t","protected":false},"excerpt":{"rendered":"<p>Kontaktuppgifter Bes\u00f6k oss Carl-Benz-Stra\u00dfe 7, 95448 Bayreuth Ring oss p\u00e5 telefon +49 921 151 2678-0 Skriv till oss office@k-electric-gmbh.de \u00d6ppettider M\u00e5n-Tors: 08:00-16:00Fr: 08:00-14:00 St\u00f6dformul\u00e4r Om du vill komma i kontakt med oss, v\u00e4nligen fyll i detta formul\u00e4r.<\/p>\n","protected":false},"author":1,"featured_media":0,"parent":0,"menu_order":0,"comment_status":"closed","ping_status":"closed","template":"elementor_header_footer","meta":{"footnotes":""},"class_list":["post-7526","page","type-page","status-publish","hentry","no-thumb"],"yoast_head":"<!-- This site is optimized with the Yoast SEO plugin v23.9 - https:\/\/yoast.com\/wordpress\/plugins\/seo\/ -->\n<title>St\u00f6d - K&#039;ELECTRIC<\/title>\n<meta name=\"robots\" content=\"index, follow, max-snippet:-1, max-image-preview:large, max-video-preview:-1\" \/>\n<link rel=\"canonical\" href=\"https:\/\/k-electric-gmbh.de\/sv\/stoed\/\" \/>\n<meta property=\"og:locale\" content=\"sv_SE\" \/>\n<meta property=\"og:type\" content=\"article\" \/>\n<meta property=\"og:title\" content=\"St\u00f6d - K&#039;ELECTRIC\" \/>\n<meta property=\"og:description\" content=\"Kontaktuppgifter Bes\u00f6k oss Carl-Benz-Stra\u00dfe 7, 95448 Bayreuth Ring oss p\u00e5 telefon +49 921 151 2678-0 Skriv till oss office@k-electric-gmbh.de \u00d6ppettider M\u00e5n-Tors: 08:00-16:00Fr: 08:00-14:00 St\u00f6dformul\u00e4r Om du vill komma i kontakt med oss, v\u00e4nligen fyll i detta formul\u00e4r.\" \/>\n<meta property=\"og:url\" content=\"https:\/\/k-electric-gmbh.de\/sv\/stoed\/\" \/>\n<meta property=\"og:site_name\" content=\"K&#039;ELECTRIC\" \/>\n<meta property=\"article:modified_time\" content=\"2025-09-02T11:50:36+00:00\" \/>\n<meta name=\"twitter:card\" content=\"summary_large_image\" \/>\n<script type=\"application\/ld+json\" class=\"yoast-schema-graph\">{\"@context\":\"https:\/\/schema.org\",\"@graph\":[{\"@type\":\"WebPage\",\"@id\":\"https:\/\/k-electric-gmbh.de\/sv\/stoed\/\",\"url\":\"https:\/\/k-electric-gmbh.de\/sv\/stoed\/\",\"name\":\"St\u00f6d - K&#039;ELECTRIC\",\"isPartOf\":{\"@id\":\"https:\/\/k-electric-gmbh.de\/sv\/#website\"},\"datePublished\":\"2025-06-26T17:12:25+00:00\",\"dateModified\":\"2025-09-02T11:50:36+00:00\",\"breadcrumb\":{\"@id\":\"https:\/\/k-electric-gmbh.de\/sv\/stoed\/#breadcrumb\"},\"inLanguage\":\"sv-SE\",\"potentialAction\":[{\"@type\":\"ReadAction\",\"target\":[\"https:\/\/k-electric-gmbh.de\/sv\/stoed\/\"]}]},{\"@type\":\"BreadcrumbList\",\"@id\":\"https:\/\/k-electric-gmbh.de\/sv\/stoed\/#breadcrumb\",\"itemListElement\":[{\"@type\":\"ListItem\",\"position\":1,\"name\":\"Startseite\",\"item\":\"https:\/\/k-electric-gmbh.de\/sv\/\"},{\"@type\":\"ListItem\",\"position\":2,\"name\":\"St\u00f6d\"}]},{\"@type\":\"WebSite\",\"@id\":\"https:\/\/k-electric-gmbh.de\/sv\/#website\",\"url\":\"https:\/\/k-electric-gmbh.de\/sv\/\",\"name\":\"K'Electric\",\"description\":\"We connect to protect\",\"publisher\":{\"@id\":\"https:\/\/k-electric-gmbh.de\/sv\/#organization\"},\"potentialAction\":[{\"@type\":\"SearchAction\",\"target\":{\"@type\":\"EntryPoint\",\"urlTemplate\":\"https:\/\/k-electric-gmbh.de\/sv\/?s={search_term_string}\"},\"query-input\":{\"@type\":\"PropertyValueSpecification\",\"valueRequired\":true,\"valueName\":\"search_term_string\"}}],\"inLanguage\":\"sv-SE\"},{\"@type\":\"Organization\",\"@id\":\"https:\/\/k-electric-gmbh.de\/sv\/#organization\",\"name\":\"K'Electric\",\"url\":\"https:\/\/k-electric-gmbh.de\/sv\/\",\"logo\":{\"@type\":\"ImageObject\",\"inLanguage\":\"sv-SE\",\"@id\":\"https:\/\/k-electric-gmbh.de\/sv\/#\/schema\/logo\/image\/\",\"url\":\"https:\/\/k-electric-gmbh.de\/wp-content\/uploads\/2023\/08\/logo.png\",\"contentUrl\":\"https:\/\/k-electric-gmbh.de\/wp-content\/uploads\/2023\/08\/logo.png\",\"width\":1125,\"height\":122,\"caption\":\"K'Electric\"},\"image\":{\"@id\":\"https:\/\/k-electric-gmbh.de\/sv\/#\/schema\/logo\/image\/\"},\"sameAs\":[\"https:\/\/www.linkedin.com\/company\/k-electric-gmbh\/posts\/?feedView=all\"]}]}<\/script>\n<!-- \/ Yoast SEO plugin. -->","yoast_head_json":{"title":"St\u00f6d - K&#039;ELECTRIC","robots":{"index":"index","follow":"follow","max-snippet":"max-snippet:-1","max-image-preview":"max-image-preview:large","max-video-preview":"max-video-preview:-1"},"canonical":"https:\/\/k-electric-gmbh.de\/sv\/stoed\/","og_locale":"sv_SE","og_type":"article","og_title":"St\u00f6d - K&#039;ELECTRIC","og_description":"Kontaktuppgifter Bes\u00f6k oss Carl-Benz-Stra\u00dfe 7, 95448 Bayreuth Ring oss p\u00e5 telefon +49 921 151 2678-0 Skriv till oss office@k-electric-gmbh.de \u00d6ppettider M\u00e5n-Tors: 08:00-16:00Fr: 08:00-14:00 St\u00f6dformul\u00e4r Om du vill komma i kontakt med oss, v\u00e4nligen fyll i detta formul\u00e4r.","og_url":"https:\/\/k-electric-gmbh.de\/sv\/stoed\/","og_site_name":"K&#039;ELECTRIC","article_modified_time":"2025-09-02T11:50:36+00:00","twitter_card":"summary_large_image","schema":{"@context":"https:\/\/schema.org","@graph":[{"@type":"WebPage","@id":"https:\/\/k-electric-gmbh.de\/sv\/stoed\/","url":"https:\/\/k-electric-gmbh.de\/sv\/stoed\/","name":"St\u00f6d - K&#039;ELECTRIC","isPartOf":{"@id":"https:\/\/k-electric-gmbh.de\/sv\/#website"},"datePublished":"2025-06-26T17:12:25+00:00","dateModified":"2025-09-02T11:50:36+00:00","breadcrumb":{"@id":"https:\/\/k-electric-gmbh.de\/sv\/stoed\/#breadcrumb"},"inLanguage":"sv-SE","potentialAction":[{"@type":"ReadAction","target":["https:\/\/k-electric-gmbh.de\/sv\/stoed\/"]}]},{"@type":"BreadcrumbList","@id":"https:\/\/k-electric-gmbh.de\/sv\/stoed\/#breadcrumb","itemListElement":[{"@type":"ListItem","position":1,"name":"Startseite","item":"https:\/\/k-electric-gmbh.de\/sv\/"},{"@type":"ListItem","position":2,"name":"St\u00f6d"}]},{"@type":"WebSite","@id":"https:\/\/k-electric-gmbh.de\/sv\/#website","url":"https:\/\/k-electric-gmbh.de\/sv\/","name":"K'Electric","description":"We connect to protect","publisher":{"@id":"https:\/\/k-electric-gmbh.de\/sv\/#organization"},"potentialAction":[{"@type":"SearchAction","target":{"@type":"EntryPoint","urlTemplate":"https:\/\/k-electric-gmbh.de\/sv\/?s={search_term_string}"},"query-input":{"@type":"PropertyValueSpecification","valueRequired":true,"valueName":"search_term_string"}}],"inLanguage":"sv-SE"},{"@type":"Organization","@id":"https:\/\/k-electric-gmbh.de\/sv\/#organization","name":"K'Electric","url":"https:\/\/k-electric-gmbh.de\/sv\/","logo":{"@type":"ImageObject","inLanguage":"sv-SE","@id":"https:\/\/k-electric-gmbh.de\/sv\/#\/schema\/logo\/image\/","url":"https:\/\/k-electric-gmbh.de\/wp-content\/uploads\/2023\/08\/logo.png","contentUrl":"https:\/\/k-electric-gmbh.de\/wp-content\/uploads\/2023\/08\/logo.png","width":1125,"height":122,"caption":"K'Electric"},"image":{"@id":"https:\/\/k-electric-gmbh.de\/sv\/#\/schema\/logo\/image\/"},"sameAs":["https:\/\/www.linkedin.com\/company\/k-electric-gmbh\/posts\/?feedView=all"]}]}},"_links":{"self":[{"href":"https:\/\/k-electric-gmbh.de\/sv\/wp-json\/wp\/v2\/pages\/7526","targetHints":{"allow":["GET"]}}],"collection":[{"href":"https:\/\/k-electric-gmbh.de\/sv\/wp-json\/wp\/v2\/pages"}],"about":[{"href":"https:\/\/k-electric-gmbh.de\/sv\/wp-json\/wp\/v2\/types\/page"}],"author":[{"embeddable":true,"href":"https:\/\/k-electric-gmbh.de\/sv\/wp-json\/wp\/v2\/users\/1"}],"replies":[{"embeddable":true,"href":"https:\/\/k-electric-gmbh.de\/sv\/wp-json\/wp\/v2\/comments?post=7526"}],"version-history":[{"count":2,"href":"https:\/\/k-electric-gmbh.de\/sv\/wp-json\/wp\/v2\/pages\/7526\/revisions"}],"predecessor-version":[{"id":7528,"href":"https:\/\/k-electric-gmbh.de\/sv\/wp-json\/wp\/v2\/pages\/7526\/revisions\/7528"}],"wp:attachment":[{"href":"https:\/\/k-electric-gmbh.de\/sv\/wp-json\/wp\/v2\/media?parent=7526"}],"curies":[{"name":"wp","href":"https:\/\/api.w.org\/{rel}","templated":true}]}}